{"id":115,"date":"2022-08-05T20:49:56","date_gmt":"2022-08-05T20:49:56","guid":{"rendered":"https:\/\/www.sonicranio.com\/?page_id=115"},"modified":"2025-05-14T19:18:20","modified_gmt":"2025-05-14T19:18:20","slug":"craniosacral-biodynamics","status":"publish","type":"page","link":"https:\/\/www.sonicranio.com\/?page_id=115","title":{"rendered":"CRANIOSACRAL BIODYNAMICS \/ KRANIOSAKR\u00c1LN\u00cd BIODYNAMIKA"},"content":{"rendered":"\n<p>Craniosacral biodynamics was born in the early 20th century from osteopathy. However, there are also references to the fact that the craniosacral system and cerebrospinal fluid were already dealt with in ancient Egypt, India and Peru.<\/p>\n\n\n\n<p>Its founder is Dr. William Garner Sutherland, who focused primarily on the central nervous system. During his research, he discovered that the skull bones are not fused, and that they move with a rhythmic movement called <strong>primary respiration<\/strong>. Every cell in our body follows this movement, which has its own rhythm and is independent of breathing and heartbeat.<\/p>\n\n\n\n<p>The quality of <strong>the cerebrospinal fluid<\/strong>, which washes the central nervous system and takes care of its protection, cleaning and nourishment, is essential. Our brain and spinal cord also float in cerebrospinal fluid. This is where the name craniosacral comes from &#8211; cranium (skull) and sacrum (cross-bone).<\/p>\n\n\n\n<p>This method works holistically &#8211; connecting the body, mind and spirit. In silence and calmness, the therapist tunes into his central line and thus gives space for starting <strong>self-healing processes<\/strong> in the client&#8217;s body. The innate treatment plan in the client&#8217;s body knows exactly what to do to bring the whole mechanism back into balance. Thus, the therapist does not work with the client&#8217;s illness, but on the contrary tries to make room for health, which can then manifest itself.<\/p>\n\n\n\n<p class=\"has-text-align-center has-medium-font-size\"><strong>Cranisoacral biodynamics helps to:<\/strong><\/p>\n\n\n\n<p>eliminate stress, tension or pain, harmonizes the nervous system, relieve chronic fatigue and insomnia, relax, relieve back, joint and spine pain, deal with headaches or migraines, hormonal disorders and problems of psychosomatic origin, strengthen the body&#8217;s immunity, treat post-traumatic conditions or addictions. <\/p>\n\n\n\n<p>It complements perfectly with the use of <strong>therapeutic tuning forks<\/strong>.<\/p>\n\n\n\n<hr class=\"wp-block-separator has-alpha-channel-opacity\"\/>\n\n\n\n<p class=\"has-text-align-right\">Kraniosakr\u00e1ln\u00ed biodynamika se zrodila na po\u010d\u00e1tku 20. stolet\u00ed z osteopatie. Existuj\u00ed v\u0161ak i zm\u00ednky o tom, \u017ee kraniosakr\u00e1ln\u00edm syst\u00e9mem a mozkom\u00ed\u0161n\u00edm mokem se zab\u00fdvali ji\u017e ve starov\u011bk\u00e9m Egypt\u011b, Indii a Peru.<\/p>\n\n\n\n<p class=\"has-text-align-right\">Jej\u00edm zakladatelem je Dr. William Garner Sutherland, kter\u00fd se zam\u011b\u0159oval p\u0159edev\u0161\u00edm na centr\u00e1ln\u00ed nervov\u00fd syst\u00e9m. B\u011bhem sv\u00e9ho v\u00fdzkumu zjistil, \u017ee lebe\u010dn\u00ed kosti nejsou srostl\u00e9 a \u017ee se pohybuj\u00ed rytmick\u00fdm pohybem zvan\u00fdm <strong>prim\u00e1rn\u00ed respirace<\/strong>. Ka\u017ed\u00e1 bu\u0148ka v na\u0161em t\u011ble sleduje tento pohyb, kter\u00fd m\u00e1 sv\u016fj vlastn\u00ed rytmus a je nez\u00e1visl\u00fd na d\u00fdch\u00e1n\u00ed a srde\u010dn\u00edm tepu.<\/p>\n\n\n\n<p class=\"has-text-align-right\">Z\u00e1sadn\u00ed je <strong>kvalita mozkom\u00ed\u0161n\u00edho moku<\/strong>, kter\u00fd om\u00fdv\u00e1 centr\u00e1ln\u00ed nervov\u00fd syst\u00e9m a star\u00e1 se o jeho ochranu, \u010di\u0161t\u011bn\u00ed a v\u00fd\u017eivu. V mozkom\u00ed\u0161n\u00edm moku se tak\u00e9 nach\u00e1z\u00ed n\u00e1\u0161 mozek a m\u00edcha. Odtud poch\u00e1z\u00ed n\u00e1zev kraniosakr\u00e1ln\u00ed &#8211; cranium (lebka) a sacrum (kost k\u0159\u00ed\u017eov\u00e1).<\/p>\n\n\n\n<p class=\"has-text-align-right\">Tato metoda funguje holisticky &#8211; propojuje t\u011blo, mysl a ducha. V tichu a klidu se terapeut nalad\u00ed na svou centr\u00e1ln\u00ed linii a t\u00edm d\u00e1v\u00e1 prostor pro <strong>spu\u0161t\u011bn\u00ed samol\u00e9\u010debn\u00fdch proces\u016f<\/strong> v t\u011ble klienta. Vrozen\u00fd l\u00e9\u010debn\u00fd pl\u00e1n v t\u011ble klienta p\u0159esn\u011b v\u00ed, co d\u011blat, aby se cel\u00fd mechanismus vr\u00e1til do rovnov\u00e1hy. Terapeut tedy nepracuje s nemoc\u00ed klienta, ale naopak se sna\u017e\u00ed ud\u011blat prostor pro zdrav\u00ed, kter\u00e9 se pak m\u016f\u017ee projevit.<\/p>\n\n\n\n<p class=\"has-text-align-center has-medium-font-size\"><strong>Kraniosakr\u00e1ln\u00ed biodynamika pom\u00e1h\u00e1:<\/strong><\/p>\n\n\n\n<p class=\"has-text-align-right\">odstra\u0148ovat stres, nap\u011bt\u00ed nebo bolest, harmonizovat nervov\u00fd syst\u00e9m, zm\u00edr\u0148ovat chronickou \u00fanavu a nespavost, relaxovat, zm\u00edr\u0148ovat bolesti zad, kloub\u016f a p\u00e1te\u0159e, \u0159e\u0161it bolesti hlavy nebo migr\u00e9ny, hormon\u00e1ln\u00ed poruchy a probl\u00e9my psychosomatick\u00e9ho p\u016fvodu, posilovat imunitu organismu, l\u00e9\u010dit posttraumatick\u00e9 stavy nebo z\u00e1vislosti.<\/p>\n\n\n\n<p class=\"has-text-align-right\">Dokonale se dopl\u0148uje s <strong>terapeutick\u00fdmi ladi\u010dkami<\/strong>.<\/p>\n\n\n\n<p class=\"has-text-align-right\"><\/p>\n\n\n\n<p><\/p>\n","protected":false},"excerpt":{"rendered":"<p>Craniosacral biodynamics was born in the early 20th century from osteopathy. However, there are also references to the fact that the craniosacral system and cerebrospinal fluid were already dealt with in ancient Egypt, India and Peru. Its founder is Dr. William Garner Sutherland, who focused primarily on the central nervous system. During his research, he &hellip; <\/p>\n<p class=\"link-more\"><a href=\"https:\/\/www.sonicranio.com\/?page_id=115\" class=\"more-link\">Continue reading<span class=\"screen-reader-text\"> &#8220;CRANIOSACRAL BIODYNAMICS \/ KRANIOSAKR\u00c1LN\u00cd BIODYNAMIKA&#8221;<\/span><\/a><\/p>\n","protected":false},"author":1,"featured_media":0,"parent":0,"menu_order":0,"comment_status":"closed","ping_status":"closed","template":"","meta":{"footnotes":""},"class_list":["post-115","page","type-page","status-publish","hentry"],"_links":{"self":[{"href":"https:\/\/www.sonicranio.com\/index.php?rest_route=\/wp\/v2\/pages\/115","targetHints":{"allow":["GET"]}}],"collection":[{"href":"https:\/\/www.sonicranio.com\/index.php?rest_route=\/wp\/v2\/pages"}],"about":[{"href":"https:\/\/www.sonicranio.com\/index.php?rest_route=\/wp\/v2\/types\/page"}],"author":[{"embeddable":true,"href":"https:\/\/www.sonicranio.com\/index.php?rest_route=\/wp\/v2\/users\/1"}],"replies":[{"embeddable":true,"href":"https:\/\/www.sonicranio.com\/index.php?rest_route=%2Fwp%2Fv2%2Fcomments&post=115"}],"version-history":[{"count":15,"href":"https:\/\/www.sonicranio.com\/index.php?rest_route=\/wp\/v2\/pages\/115\/revisions"}],"predecessor-version":[{"id":258,"href":"https:\/\/www.sonicranio.com\/index.php?rest_route=\/wp\/v2\/pages\/115\/revisions\/258"}],"wp:attachment":[{"href":"https:\/\/www.sonicranio.com\/index.php?rest_route=%2Fwp%2Fv2%2Fmedia&parent=115"}],"curies":[{"name":"wp","href":"https:\/\/api.w.org\/{rel}","templated":true}]}}